{"id":488,"date":"2025-12-03T12:33:24","date_gmt":"2025-12-03T11:33:24","guid":{"rendered":"https:\/\/agile2.arshadwebstudio.com\/allgemeine-geschaeftsbedingungen\/"},"modified":"2025-12-21T17:59:59","modified_gmt":"2025-12-21T16:59:59","slug":"agb","status":"publish","type":"page","link":"https:\/\/agile2.arshadwebstudio.com\/de\/agb\/","title":{"rendered":"AGB"},"content":{"rendered":"\t\t<div data-elementor-type=\"wp-page\" data-elementor-id=\"488\" class=\"elementor elementor-488 elementor-486\" data-elementor-post-type=\"page\">\n\t\t\t\t<div class=\"elementor-element elementor-element-6cbd3e47 e-flex e-con-boxed e-con e-parent\" data-id=\"6cbd3e47\" data-element_type=\"container\" data-e-type=\"container\">\n\t\t\t\t\t<div class=\"e-con-inner\">\n\t\t\t\t<div class=\"elementor-element elementor-element-6210eb0c elementor-widget elementor-widget-text-editor\" data-id=\"6210eb0c\" data-element_type=\"widget\" data-e-type=\"widget\" data-widget_type=\"text-editor.default\">\n\t\t\t\t\t\t\t\t\t\n<h1 class=\"wp-block-heading\">Allgemeine Gesch\u00e4ftsbedingungen<\/h1>\n\n<p>f\u00fcr die Erbringung von Dienstleistungen von Mario Gadet (Agile Journey), Stephansweg 9, 64720 Michelstadt, E-Mail: info@agile-journey.com (nachfolgend \u201eAuftragnehmer\u201c) gegen\u00fcber seinen Kunden (nachfolgend \u201eAuftraggeber\u201c)<\/p>\n\n<h2 class=\"wp-block-heading\">1. Allgemeines<\/h2>\n\n<p>1.1 Diese Allgemeinen Gesch\u00e4ftsbedingungen (AGB) f\u00fcr die Erbringung von Dienstleistungen gelten f\u00fcr Vertr\u00e4ge, die zwischen dem Auftraggeber und dem Auftragnehmer unter Einbeziehung dieser AGB geschlossen werden.<\/p>\n\n<p>1.2 Der Auftragnehmer ist berechtigt, in eigenem Namen und auf eigene Rechnung die erforderlichen Leistungen an Subunternehmer zu vergeben, die ihrerseits ebenfalls Subunternehmer einsetzen d\u00fcrfen. Der Auftragnehmer bleibt hierbei alleiniger Vertragspartner des Auftraggebers. Der Einsatz von Subunternehmern erfolgt nicht, wenn f\u00fcr den Auftragnehmer ersichtlich ist, dass deren Einsatz berechtigten Interessen des Auftraggebers zuwiderl\u00e4uft.<\/p>\n\n<p>1.3 Soweit neben diesen AGB weitere Vertragsdokumente oder andere Gesch\u00e4ftsbedingungen in Text- oder Schriftform Vertragsbestandteil geworden sind, gehen die Regelungen dieser weiteren Vertragsdokumente im Widerspruchsfalle den vorliegenden AGB vor.<\/p>\n\n<p>1.4 Von diesen Gesch\u00e4ftsbedingungen abweichende AGB, die durch den Auftraggeber verwendet werden, erkennt Auftragnehmer \u2013 vorbehaltlich einer ausdr\u00fccklichen Zustimmung \u2013 nicht an.<\/p>\n\n<h2 class=\"wp-block-heading\">2. Vertragsgegenstand und Leistungsumfang<\/h2>\n\n<p>2.1 Der Auftragnehmer erbringt als selbst\u00e4ndiger Unternehmer folgende Leistungen gegen\u00fcber dem Auftraggeber:<\/p>\n\n<p>Wir bieten spezialisierte Workshops und individuelles Coaching f\u00fcr Fach- und F\u00fchrungskr\u00e4fte in der professionellen Erwachsenenbildung an. Unser Leistungsumfang konzentriert sich auf die zwei entscheidenden Erfolgsfaktoren unserer Kunden: gest\u00e4rkte Teamarbeit und kontinuierliche Innovation auf Organisationsebene.<\/p>\n\n<p>2.2 Der spezifische Leistungsumfang ist Gegenstand von Individualvereinbarungen zwischen Auftragnehmer und dem Auftraggeber.<\/p>\n\n<p>2.3 Der Auftragnehmer erbringt die vertragsgem\u00e4\u00dfen Leistungen mit gr\u00f6\u00dftm\u00f6glicher Sorgfalt und Gewissenhaftigkeit nach dem jeweils neuesten Stand, neuesten Regeln und Erkenntnissen.<\/p>\n\n<p>2.4 Der Auftragnehmer ist zur Erbringung der vertragsgem\u00e4\u00df geschuldeten Leistungen verpflichtet. Bei der Durchf\u00fchrung seiner T\u00e4tigkeit ist er jedoch etwaigen Weisungen im Hinblick auf die Art der Erbringung seiner Leistungen, den Ort der Leistungserbringung ebenso wie die Zeit der Leistungserbringung nicht unterworfen. Er wird jedoch bei der Einteilung der T\u00e4tigkeitstage und bei der Zeiteinteilung an diesen Tagen diese selbst in der Weise festlegen, dass eine optimale Effizienz bei seiner T\u00e4tigkeit und bei der Realisierung des Vertragsgegenstandes erzielt wird. Die Leistungserbringung durch den Auftragnehmer erfolgt lediglich in Abstimmung und in Koordination mit dem Auftraggeber.<\/p>\n\n<h2 class=\"wp-block-heading\">3. Mitwirkungspflichten des Auftraggebers<\/h2>\n\n<p>Es obliegt dem Auftraggeber, die von ihm zum Zwecke der Leistungserf\u00fcllung zur Verf\u00fcgung zu stellenden Informationen, Daten und sonstigen Inhalte vollst\u00e4ndig und korrekt mitzuteilen. F\u00fcr Verz\u00f6gerungen und Versp\u00e4tungen bei der Leistungserbringung, die durch eine versp\u00e4tete und notwendige Mit- bzw. Zuarbeit des Kunden entstehen, ist der Auftragnehmer gegen\u00fcber dem Kunden in keinerlei Hinsicht verantwortlich; die Vorschriften unter der \u00dcberschrift \u201eHaftung\/Freistellung\u201c bleiben hiervon unber\u00fchrt.<\/p>\n\n<h2 class=\"wp-block-heading\">4. Verg\u00fctung<\/h2>\n\n<p>4.1 Die Verg\u00fctung wird individualvertraglich vereinbart.<\/p>\n\n<p>4.2 Die Verg\u00fctung ist nach der Leistung der Dienste zu entrichten. Ist die Verg\u00fctung nach Zeitabschnitten bemessen, so ist sie nach dem Ablauf der einzelnen Zeitabschnitte zu entrichten (\u00a7 614 BGB). Bei aufwandsbezogener Abrechnung ist der Auftragnehmer vorbehaltlich abweichender Vereinbarungen berechtigt, die erbrachte Leistungen monatlich abzurechnen.<\/p>\n\n<p>4.3 Der Auftragnehmer stellt dem Auftraggeber nach Erbringung der Leistungen eine Rechnung per Post oder per E-Mail (z.B. als PDF). Die Verg\u00fctung ist innerhalb von 14 Tagen nach Zugang der Rechnung zur Zahlung f\u00e4llig.<\/p>\n\n<h2 class=\"wp-block-heading\">5. Haftung \/ Freistellung<\/h2>\n\n<p>5.1 Der Auftragnehmer haftet aus jedem Rechtsgrund uneingeschr\u00e4nkt bei Vorsatz oder grober Fahrl\u00e4ssigkeit, bei vors\u00e4tzlicher oder fahrl\u00e4ssiger Verletzung des Lebens, des K\u00f6rpers oder der Gesundheit, aufgrund eines Garantieversprechens, soweit diesbez\u00fcglich nichts anderes geregelt ist oder aufgrund zwingender Haftung. Verletzt der Auftragnehmer fahrl\u00e4ssig eine wesentliche Vertragspflicht, ist die Haftung auf den vertragstypischen, vorhersehbaren Schaden begrenzt, sofern nicht gem\u00e4\u00df vorstehendem Satz unbeschr\u00e4nkt gehaftet wird. Wesentliche Vertragspflichten sind Pflichten, die der Vertrag dem Auftragnehmer nach seinem Inhalt zur Erreichung des Vertragszwecks auferlegt, deren Erf\u00fcllung die ordnungsgem\u00e4\u00dfe Durchf\u00fchrung des Vertrags \u00fcberhaupt erst erm\u00f6glicht und auf deren Einhaltung der Kunde regelm\u00e4\u00dfig vertrauen darf. Im \u00dcbrigen ist eine Haftung des Auftragnehmers ausgeschlossen. Vorstehende Haftungsregelungen gelten auch im Hinblick auf die Haftung des Auftragnehmers f\u00fcr seine Erf\u00fcllungsgehilfen und gesetzlichen Vertreter.<\/p>\n\n<p>5.2 Der Auftraggeber stellt den Auftragnehmer von jeglichen Anspr\u00fcchen Dritter frei, die gegen den Auftragnehmer aufgrund von Verst\u00f6\u00dfen des Kunden gegen diese Vertragsbedingungen oder gegen geltendes Recht geltend gemacht werden.<\/p>\n\n<h2 class=\"wp-block-heading\">6. Vertragsdauer und K\u00fcndigung<\/h2>\n\n<p>6.1 Die Vertragsdauer und die Fristen zur ordentlichen K\u00fcndigung vereinbaren die Parteien individuell.<\/p>\n\n<p>6.2 Das Recht beider Parteien zur fristlosen K\u00fcndigung aus wichtigem Grund bleibt unber\u00fchrt.<\/p>\n\n<p>6.3 Der Auftragnehmer hat alle ihm \u00fcberlassenen Unterlagen und sonstigen Inhalte nach Vertragsbeendigung unverz\u00fcglich nach Wahl des Kunden zur\u00fcckzugeben oder zu vernichten. Die Geltendmachung eines Zur\u00fcckbehaltungsrechts daran ist ausgeschlossen. Elektronische Daten sind vollst\u00e4ndig zu l\u00f6schen. Ausgenommen davon sind Unterlagen und Daten, hinsichtlich derer eine l\u00e4ngere gesetzliche Aufbewahrungspflicht besteht, jedoch nur bis zum Ende der jeweiligen Aufbewahrungsfrist. Der Auftragnehmer hat dem Unternehmen auf dessen Verlangen die L\u00f6schung schriftlich zu best\u00e4tigen.<\/p>\n\n<h2 class=\"wp-block-heading\">7. Vertraulichkeit und Datenschutz<\/h2>\n\n<p>7.1 Der Auftragnehmer wird alle ihm im Zusammenhang mit dem Auftrag zur Kenntnis gelangenden Vorg\u00e4nge streng vertraulich behandeln. Der Auftragnehmer verpflichtet sich, die Geheimhaltungspflicht s\u00e4mtlichen Angestellten und \/ oder Dritten, die Zugang zu den vertragsgegenst\u00e4ndlichen Informationen haben, aufzuerlegen. Die Geheimhaltungspflicht gilt zeitlich unbegrenzt \u00fcber die Dauer dieses Vertrages hinaus.<\/p>\n\n<p>7.2 Der Auftragnehmer verpflichtet sich, bei der Durchf\u00fchrung des Auftrags s\u00e4mtliche datenschutzrechtlichen Vorschriften \u2013 insbesondere die Vorschriften der Datenschutzgrundverordnung und des Bundesdatenschutzgesetzes \u2013 einzuhalten.<\/p>\n\n<h2 class=\"wp-block-heading\">8. Schlussbestimmungen<\/h2>\n\n<p>8.1 Es gilt das Recht der Bundesrepublik Deutschland unter Ausschluss des CISG.<\/p>\n\n<p>8.2 Sollte eine Bestimmung dieser AGB unwirksam sein oder werden, so wird die G\u00fcltigkeit der AGB im \u00dcbrigen hiervon nicht ber\u00fchrt.<\/p>\n\n<p>8.3 Der Auftraggeber wird den Auftragnehmer bei der Erbringung seiner vertragsgem\u00e4\u00dfen Leistungen durch angemessene Mitwirkungshandlungen, soweit erforderlich, f\u00f6rdern. Der Auftraggeber wird insbesondere dem Auftragnehmer die zur Erf\u00fcllung des Auftrags erforderlichen Informationen und Daten zur Verf\u00fcgung stellen.<\/p>\n\n<p>8.4 Sofern der Auftraggeber Kaufmann, juristische Person des \u00f6ffentlichen Rechts oder \u00f6ffentlich-rechtliches Sonderverm\u00f6gen ist oder keinen allgemeinen Gerichtsstand in Deutschland hat, vereinbaren die Parteien den Sitz des Auftragnehmers als Gerichtsstand f\u00fcr s\u00e4mtliche Streitigkeiten aus diesem Vertragsverh\u00e4ltnis; ausschlie\u00dfliche Gerichtsst\u00e4nde bleiben hiervon unber\u00fchrt.<\/p>\n\n<p>8.5 Der Auftragnehmer ist berechtigt, diese AGB aus sachlich gerechtfertigten Gr\u00fcnden (z. B. \u00c4nderungen in der Rechtsprechung, Gesetzeslage, Marktgegebenheiten oder der Gesch\u00e4fts- oder Unternehmensstrategie) und unter Einhaltung einer angemessenen Frist zu \u00e4ndern. Bestandskunden werden hier\u00fcber sp\u00e4testens zwei Wochen vor Inkrafttreten der \u00c4nderung per E-Mail benachrichtigt. Sofern der Bestandskunde nicht innerhalb der in der \u00c4nderungsmitteilung gesetzten Frist widerspricht, gilt seine Zustimmung zur \u00c4nderung als erteilt. Widerspricht er, treten die \u00c4nderungen nicht in Kraft; Auftragnehmer ist in diesem Fall berechtigt, den Vertrag zum Zeitpunkt des Inkrafttretens der \u00c4nderung au\u00dferordentlich zu k\u00fcndigen. Die Benachrichtigung \u00fcber die beabsichtigte \u00c4nderung dieser AGB wird auf die Frist und die Folgen des Widerspruchs oder seines Ausbleibens hinweisen.<\/p>\n\n<h2 class=\"wp-block-heading\">9. Informationen zur Online-Streitbeilegung \/ Verbraucherschlichtung<\/h2>\n\n<p>Die EU-Kommission stellt im Internet unter folgendem Link eine Plattform zur Online-Streitbeilegung bereit: <a href=\"https:\/\/ec.europa.eu\/consumers\/odr\" target=\"_blank\" rel=\"noreferrer noopener\">https:\/\/ec.europa.eu\/consumers\/odr<\/a><\/p>\n\n<p>Diese Plattform dient als Anlaufstelle zur au\u00dfergerichtlichen Beilegung von Streitigkeiten aus Online-Kauf- oder Dienstleistungsvertr\u00e4gen, an denen ein Verbraucher beteiligt ist. Der Anbieter ist weder bereit noch verpflichtet, an einem Verbraucherstreitschlichtungsverfahren nach dem VSBG teilzunehmen.<\/p>\n\n<p>Unsere E-Mail-Adresse entnehmen Sie der \u00dcberschrift dieser AGB.<\/p>\n\t\t\t\t\t\t\t\t<\/div>\n\t\t\t\t\t<\/div>\n\t\t\t\t<\/div>\n\t\t\t\t<\/div>\n\t\t","protected":false},"excerpt":{"rendered":"<p>Allgemeine Gesch\u00e4ftsbedingungen f\u00fcr die Erbringung von Dienstleistungen von Mario Gadet (Agile Journey), Stephansweg 9, 64720 Michelstadt, E-Mail: info@agile-journey.com (nachfolgend \u201eAuftragnehmer\u201c) gegen\u00fcber seinen Kunden (nachfolgend \u201eAuftraggeber\u201c) 1. Allgemeines 1.1 Diese Allgemeinen&#8230;<\/p>\n","protected":false},"author":1,"featured_media":0,"parent":0,"menu_order":0,"comment_status":"closed","ping_status":"closed","template":"","meta":{"_acf_changed":false,"_oct_exclude_from_cache":false,"site-sidebar-layout":"default","site-content-layout":"","ast-site-content-layout":"default","site-content-style":"default","site-sidebar-style":"default","ast-global-header-display":"","ast-banner-title-visibility":"","ast-main-header-display":"","ast-hfb-above-header-display":"","ast-hfb-below-header-display":"","ast-hfb-mobile-header-display":"","site-post-title":"disabled","ast-breadcrumbs-content":"","ast-featured-img":"","footer-sml-layout":"","theme-transparent-header-meta":"","adv-header-id-meta":"","stick-header-meta":"","header-above-stick-meta":"","header-main-stick-meta":"","header-below-stick-meta":"","astra-migrate-meta-layouts":"default","ast-page-background-enabled":"default","ast-page-background-meta":{"desktop":{"background-color":"var(--ast-global-color-5)","background-image":"","background-repeat":"repeat","background-position":"center center","background-size":"auto","background-attachment":"scroll","background-type":"","background-media":"","overlay-type":"","overlay-color":"","overlay-opacity":"","overlay-gradient":""},"tablet":{"background-color":"","background-image":"","background-repeat":"repeat","background-position":"center center","background-size":"auto","background-attachment":"scroll","background-type":"","background-media":"","overlay-type":"","overlay-color":"","overlay-opacity":"","overlay-gradient":""},"mobile":{"background-color":"","background-image":"","background-repeat":"repeat","background-position":"center center","background-size":"auto","background-attachment":"scroll","background-type":"","background-media":"","overlay-type":"","overlay-color":"","overlay-opacity":"","overlay-gradient":""}},"ast-content-background-meta":{"desktop":{"background-color":"var(--ast-global-color-4)","background-image":"","background-repeat":"repeat","background-position":"center center","background-size":"auto","background-attachment":"scroll","background-type":"","background-media":"","overlay-type":"","overlay-color":"","overlay-opacity":"","overlay-gradient":""},"tablet":{"background-color":"var(--ast-global-color-4)","background-image":"","background-repeat":"repeat","background-position":"center center","background-size":"auto","background-attachment":"scroll","background-type":"","background-media":"","overlay-type":"","overlay-color":"","overlay-opacity":"","overlay-gradient":""},"mobile":{"background-color":"var(--ast-global-color-4)","background-image":"","background-repeat":"repeat","background-position":"center center","background-size":"auto","background-attachment":"scroll","background-type":"","background-media":"","overlay-type":"","overlay-color":"","overlay-opacity":"","overlay-gradient":""}},"footnotes":""},"class_list":["post-488","page","type-page","status-publish","hentry"],"acf":[],"_links":{"self":[{"href":"https:\/\/agile2.arshadwebstudio.com\/de\/wp-json\/wp\/v2\/pages\/488","targetHints":{"allow":["GET"]}}],"collection":[{"href":"https:\/\/agile2.arshadwebstudio.com\/de\/wp-json\/wp\/v2\/pages"}],"about":[{"href":"https:\/\/agile2.arshadwebstudio.com\/de\/wp-json\/wp\/v2\/types\/page"}],"author":[{"embeddable":true,"href":"https:\/\/agile2.arshadwebstudio.com\/de\/wp-json\/wp\/v2\/users\/1"}],"replies":[{"embeddable":true,"href":"https:\/\/agile2.arshadwebstudio.com\/de\/wp-json\/wp\/v2\/comments?post=488"}],"version-history":[{"count":5,"href":"https:\/\/agile2.arshadwebstudio.com\/de\/wp-json\/wp\/v2\/pages\/488\/revisions"}],"predecessor-version":[{"id":659,"href":"https:\/\/agile2.arshadwebstudio.com\/de\/wp-json\/wp\/v2\/pages\/488\/revisions\/659"}],"wp:attachment":[{"href":"https:\/\/agile2.arshadwebstudio.com\/de\/wp-json\/wp\/v2\/media?parent=488"}],"curies":[{"name":"wp","href":"https:\/\/api.w.org\/{rel}","templated":true}]}}